{"id":4066,"date":"2020-01-16T19:25:51","date_gmt":"2020-01-16T18:25:51","guid":{"rendered":"https:\/\/puche.webvolution.es\/?page_id=4066"},"modified":"2026-04-11T09:20:25","modified_gmt":"2026-04-11T07:20:25","slug":"carta","status":"publish","type":"page","link":"https:\/\/restaurantepuche.com\/ca\/carta\/","title":{"rendered":"CARTA"},"content":{"rendered":"<p><div class=\"fusion-fullwidth fullwidth-box fusion-builder-row-1 fusion-flex-container nonhundred-percent-fullwidth non-hundred-percent-height-scrolling\" style=\"--awb-border-radius-top-left:0px;--awb-border-radius-top-right:0px;--awb-border-radius-bottom-right:0px;--awb-border-radius-bottom-left:0px;--awb-padding-top:10%;--awb-padding-bottom:10%;--awb-background-color:var(--awb-color8);--awb-flex-wrap:wrap;\" ><div class=\"fusion-builder-row fusion-row fusion-flex-align-items-flex-start fusion-flex-content-wrap\" style=\"max-width:1430px;margin-left: calc(-4% \/ 2 );margin-right: calc(-4% \/ 2 );\"><div class=\"fusion-layout-column fusion_builder_column fusion-builder-column-0 fusion_builder_column_1_1 1_1 fusion-flex-column fusion-animated\" style=\"--awb-bg-size:cover;--awb-width-large:100%;--awb-margin-top-large:0px;--awb-spacing-right-large:4.8%;--awb-margin-bottom-large:0px;--awb-spacing-left-large:1.92%;--awb-width-medium:50%;--awb-spacing-right-medium:9.6%;--awb-spacing-left-medium:3.84%;--awb-width-small:100%;--awb-spacing-right-small:1.92%;--awb-margin-bottom-small:40px;--awb-spacing-left-small:1.92%;\" data-animationType=\"fadeInUp\" data-animationDuration=\"0.5\" data-animationOffset=\"top-into-view\"><div class=\"fusion-column-wrapper fusion-column-has-shadow fusion-flex-justify-content-flex-start fusion-content-layout-column\"><div class=\"fusion-title title fusion-title-1 fusion-sep-none fusion-title-text fusion-title-size-six\" style=\"--awb-text-color:var(--awb-color1);--awb-margin-bottom:30px;--awb-margin-top-small:0px;--awb-margin-right-small:0px;--awb-margin-bottom-small:20px;--awb-margin-left-small:0px;\"><h6 class=\"fusion-title-heading title-heading-left fusion-responsive-typography-calculated\" style=\"margin:0;--fontSize:15;--minFontSize:15;line-height:var(--awb-typography2-line-height);\">Tradici\u00f3 reinventada amb \u00e0nima contempor\u00e0nia<\/h6><\/div><div class=\"fusion-text fusion-text-1\"><p style=\"color: var(--awb-color2); text-align: left;\">Al cor de Palam\u00f3s, el restaurant PUCHE ofereix una experi\u00e8ncia gastron\u00f2mica que fusiona la cuina catalana tradicional amb tocs moderns i personals.<\/p>\n<p>El xef Alan Puche lidera aquest projecte que destaca pel seu enfocament en productes locals de qualitat i plats que reinterpreten sabors cl\u00e0ssics amb creativitat i t\u00e8cnica.<\/p>\n<\/div><\/div><\/div><\/div><\/div><div class=\"fusion-fullwidth fullwidth-box fusion-builder-row-2 fusion-flex-container hundred-percent-fullwidth non-hundred-percent-height-scrolling\" style=\"--awb-border-radius-top-left:0px;--awb-border-radius-top-right:0px;--awb-border-radius-bottom-right:0px;--awb-border-radius-bottom-left:0px;--awb-padding-top:0px;--awb-padding-right:0px;--awb-padding-bottom:0px;--awb-padding-left:0px;--awb-background-color:var(--awb-color8);--awb-flex-wrap:wrap;\" ><div class=\"fusion-builder-row fusion-row fusion-flex-align-items-stretch fusion-flex-content-wrap\" style=\"width:calc( 100% + 0px ) !important;max-width:calc( 100% + 0px ) !important;margin-left: calc(-0px \/ 2 );margin-right: calc(-0px \/ 2 );\"><div class=\"fusion-layout-column fusion_builder_column fusion-builder-column-1 fusion_builder_column_3_5 3_5 fusion-flex-column fusion-column-inner-bg-wrapper fusion-animated\" style=\"--awb-padding-top-medium:20vh;--awb-padding-bottom-medium:20vh;--awb-inner-bg-position:center bottom;--awb-inner-bg-size:cover;--awb-width-large:60%;--awb-margin-top-large:0px;--awb-spacing-right-large:0px;--awb-margin-bottom-large:0px;--awb-spacing-left-large:0px;--awb-width-medium:100%;--awb-order-medium:0;--awb-spacing-right-medium:0px;--awb-spacing-left-medium:0px;--awb-width-small:100%;--awb-order-small:0;--awb-spacing-right-small:0px;--awb-spacing-left-small:0px;\" data-animationType=\"fadeIn\" data-animationDuration=\"1.0\" data-animationOffset=\"top-into-view\" data-scroll-devices=\"small-visibility,medium-visibility,large-visibility\"><span class=\"fusion-column-inner-bg hover-type-none\"><a class=\"fusion-column-anchor\" href=\"https:\/\/restaurantepuche.com\/reservations\/\"><span class=\"fusion-column-inner-bg-image lazyload\" data-bg=\"https:\/\/restaurantepuche.com\/wp-content\/uploads\/2025\/04\/CARTA-2.jpg\"><\/span><\/a><\/span><div class=\"fusion-column-wrapper fusion-column-has-shadow fusion-flex-justify-content-flex-start fusion-content-layout-column fusion-empty-column-bg-image fusion-column-has-bg-image\" data-bg-url=\"https:\/\/restaurantepuche.com\/wp-content\/uploads\/2025\/04\/CARTA-2.jpg\"><img decoding=\"async\" class=\"fusion-empty-dims-img-placeholder fusion-no-large-visibility\" aria-label=\"CARTA-2\" src=\"data:image\/svg+xml,%3Csvg%20xmlns%3D%27http%3A%2F%2Fwww.w3.org%2F2000%2Fsvg%27%20width%3D%271400%27%20height%3D%272487%27%20viewBox%3D%270%200%201400%202487%27%3E%3Crect%20width%3D%271400%27%20height%3D%272487%27%20fill-opacity%3D%220%22%2F%3E%3C%2Fsvg%3E\"><\/div><\/div><div class=\"fusion-layout-column fusion_builder_column fusion-builder-column-2 fusion_builder_column_2_5 2_5 fusion-flex-column fusion-animated\" style=\"--awb-padding-top:0px;--awb-padding-right:15%;--awb-padding-bottom:18%;--awb-padding-left:16%;--awb-padding-bottom-medium:60px;--awb-bg-color:var(--awb-color8);--awb-bg-color-hover:var(--awb-color8);--awb-bg-size:cover;--awb-width-large:40%;--awb-margin-top-large:0px;--awb-spacing-right-large:0px;--awb-margin-bottom-large:0px;--awb-spacing-left-large:0px;--awb-width-medium:100%;--awb-spacing-right-medium:0px;--awb-spacing-left-medium:0px;--awb-width-small:100%;--awb-spacing-right-small:0px;--awb-spacing-left-small:0px;\" data-animationType=\"fadeInRight\" data-animationDuration=\"1.0\" data-animationOffset=\"top-into-view\"><div class=\"fusion-column-wrapper fusion-column-has-shadow fusion-flex-justify-content-flex-start fusion-content-layout-column\"><div class=\"fusion-separator fusion-no-small-visibility fusion-no-medium-visibility fusion-full-width-sep\" style=\"align-self: center;margin-left: auto;margin-right: auto;margin-top:200px;width:100%;\"><\/div><div class=\"fusion-separator fusion-no-large-visibility fusion-full-width-sep\" style=\"align-self: center;margin-left: auto;margin-right: auto;margin-top:100px;width:100%;\"><\/div><div class=\"fusion-builder-row fusion-builder-row-inner fusion-row fusion-flex-align-items-stretch fusion-flex-content-wrap\" style=\"--awb-flex-grow:0;--awb-flex-grow-medium:0;--awb-flex-grow-small:0;--awb-flex-shrink:0;--awb-flex-shrink-medium:0;--awb-flex-shrink-small:0;width:calc( 100% + 0px ) !important;max-width:calc( 100% + 0px ) !important;margin-left: calc(-0px \/ 2 );margin-right: calc(-0px \/ 2 );\"><div class=\"fusion-layout-column fusion_builder_column_inner fusion-builder-nested-column-0 fusion_builder_column_inner_1_5 1_5 fusion-flex-column\" style=\"--awb-padding-right:35%;--awb-bg-size:cover;--awb-width-large:20%;--awb-margin-top-large:0px;--awb-spacing-right-large:0px;--awb-margin-bottom-large:8%;--awb-spacing-left-large:0px;--awb-width-medium:100%;--awb-spacing-right-medium:0px;--awb-spacing-left-medium:0px;--awb-width-small:100%;--awb-spacing-right-small:0px;--awb-spacing-left-small:0px;\"><div class=\"fusion-column-wrapper fusion-column-has-shadow fusion-flex-justify-content-flex-start fusion-content-layout-column\"><div class=\"fusion-separator\" style=\"align-self: flex-start;margin-right:auto;margin-top:9px;width:100%;max-width:65px;\"><div class=\"fusion-separator-border sep-single sep-solid\" style=\"--awb-height:20px;--awb-amount:20px;border-color:var(--awb-color2);border-top-width:1px;\"><\/div><\/div><\/div><\/div><div class=\"fusion-layout-column fusion_builder_column_inner fusion-builder-nested-column-1 fusion_builder_column_inner_4_5 4_5 fusion-flex-column\" style=\"--awb-bg-size:cover;--awb-width-large:80%;--awb-margin-top-large:0px;--awb-spacing-right-large:0px;--awb-margin-bottom-large:8%;--awb-spacing-left-large:0px;--awb-width-medium:100%;--awb-spacing-right-medium:0px;--awb-spacing-left-medium:0px;--awb-width-small:100%;--awb-spacing-right-small:0px;--awb-spacing-left-small:0px;\"><div class=\"fusion-column-wrapper fusion-column-has-shadow fusion-flex-justify-content-flex-start fusion-content-layout-column\"><div class=\"fusion-title title fusion-title-2 fusion-no-small-visibility fusion-no-medium-visibility fusion-sep-none fusion-title-text fusion-title-size-two\" style=\"--awb-text-color:var(--awb-color1);--awb-margin-top-small:0px;--awb-margin-right-small:0px;--awb-margin-bottom-small:20px;--awb-margin-left-small:0px;--awb-font-size:95px;\"><h2 class=\"fusion-title-heading title-heading-left fusion-responsive-typography-calculated\" style=\"margin:0;font-size:1em;--fontSize:95;line-height:1.2;\">La nostra carta<\/h2><\/div><div class=\"fusion-title title fusion-title-3 fusion-no-large-visibility fusion-sep-none fusion-title-text fusion-title-size-one\" style=\"--awb-text-color:var(--awb-color1);--awb-margin-top-small:0px;--awb-margin-right-small:0px;--awb-margin-bottom-small:20px;--awb-margin-left-small:0px;\"><h1 class=\"fusion-title-heading title-heading-left fusion-responsive-typography-calculated\" style=\"margin:0;--fontSize:70;line-height:var(--awb-typography1-line-height);\">La nostra carta<\/h1><\/div><div class=\"fusion-separator fusion-full-width-sep\" style=\"align-self: center;margin-left: auto;margin-right: auto;margin-bottom:10%;width:100%;\"><\/div><div style=\"text-align:center;\"><a class=\"fusion-button button-flat fusion-button-default-size button-custom fusion-button-default button-1 fusion-button-default-span fusion-button-default-type\" style=\"--button_accent_color:var(--awb-color1);--button_border_color:var(--awb-color1);--button_accent_hover_color:var(--awb-color8);--button_border_hover_color:var(--awb-color8);--button_gradient_top_color:hsla(var(--awb-color1-h),var(--awb-color1-s),var(--awb-color1-l),calc(var(--awb-color1-a) - 100%));--button_gradient_bottom_color:hsla(var(--awb-color1-h),var(--awb-color1-s),var(--awb-color1-l),calc(var(--awb-color1-a) - 100%));--button_gradient_top_color_hover:var(--awb-color1);--button_gradient_bottom_color_hover:var(--awb-color1);--button_margin-bottom:25px;\" target=\"_blank\" rel=\"noopener noreferrer\" href=\"https:\/\/restaurantepuche.com\/wp-content\/uploads\/2026\/04\/N2.0-Carta-CATALAN.pdf\"><span class=\"fusion-button-text awb-button__text awb-button__text--default\">Veure carta<\/span><\/a><\/div><div style=\"text-align:center;\"><a class=\"fusion-button button-flat fusion-button-default-size button-custom fusion-button-default button-2 fusion-button-default-span fusion-button-default-type\" style=\"--button_accent_color:var(--awb-color1);--button_border_color:var(--awb-color1);--button_accent_hover_color:var(--awb-color8);--button_border_hover_color:var(--awb-color8);--button_gradient_top_color:hsla(var(--awb-color1-h),var(--awb-color1-s),var(--awb-color1-l),calc(var(--awb-color1-a) - 100%));--button_gradient_bottom_color:hsla(var(--awb-color1-h),var(--awb-color1-s),var(--awb-color1-l),calc(var(--awb-color1-a) - 100%));--button_gradient_top_color_hover:var(--awb-color1);--button_gradient_bottom_color_hover:var(--awb-color1);\" target=\"_self\" href=\"https:\/\/restaurantepuche.com\/wp-content\/uploads\/2026\/04\/CP-2.0-CATALAN.pdf\"><span class=\"fusion-button-text awb-button__text awb-button__text--default\">VEURE CARTA DE POSTRES<\/span><\/a><\/div><\/div><\/div><\/div><\/div><\/div><\/div><\/div><div class=\"fusion-fullwidth fullwidth-box fusion-builder-row-3 fusion-flex-container nonhundred-percent-fullwidth non-hundred-percent-height-scrolling\" style=\"--awb-border-radius-top-left:0px;--awb-border-radius-top-right:0px;--awb-border-radius-bottom-right:0px;--awb-border-radius-bottom-left:0px;--awb-padding-top:10%;--awb-padding-bottom:10%;--awb-background-color:var(--awb-color8);--awb-flex-wrap:wrap;\" ><div class=\"fusion-builder-row fusion-row fusion-flex-align-items-flex-start fusion-flex-content-wrap\" style=\"max-width:1430px;margin-left: calc(-4% \/ 2 );margin-right: calc(-4% \/ 2 );\"><div class=\"fusion-layout-column fusion_builder_column fusion-builder-column-3 fusion_builder_column_1_1 1_1 fusion-flex-column fusion-animated\" style=\"--awb-bg-size:cover;--awb-width-large:100%;--awb-margin-top-large:0px;--awb-spacing-right-large:1.92%;--awb-margin-bottom-large:0px;--awb-spacing-left-large:4.8%;--awb-width-medium:50%;--awb-spacing-right-medium:3.84%;--awb-spacing-left-medium:9.6%;--awb-width-small:100%;--awb-spacing-right-small:1.92%;--awb-spacing-left-small:1.92%;\" data-animationType=\"fadeInUp\" data-animationDuration=\"1.0\" data-animationOffset=\"top-into-view\"><div class=\"fusion-column-wrapper fusion-column-has-shadow fusion-flex-justify-content-flex-start fusion-content-layout-column\"><div class=\"fusion-title title fusion-title-4 fusion-sep-none fusion-title-text fusion-title-size-six\" style=\"--awb-text-color:var(--awb-color1);--awb-margin-bottom:30px;--awb-margin-top-small:0px;--awb-margin-right-small:0px;--awb-margin-bottom-small:20px;--awb-margin-left-small:0px;\"><h6 class=\"fusion-title-heading title-heading-left fusion-responsive-typography-calculated\" style=\"margin:0;--fontSize:15;--minFontSize:15;line-height:var(--awb-typography2-line-height);\">Un espai amb hist\u00f2ria i sabor<\/h6><\/div><div class=\"fusion-text fusion-text-2\"><p style=\"color: var(--awb-color2); text-align: left;\">Ubicat en una casa r\u00fastica del segle XVIII, PUCHE combina un ambient acollidor amb una proposta culin\u00e0ria innovadora. La carta \u00e9s variada i sorprenent amb plats com l&#8217;ensaladilla de gamba vermella de Palam\u00f3s o el coll de pollastre farcit.<\/p>\n<\/div><\/div><\/div><\/div><\/div><\/p>\n","protected":false},"excerpt":{"rendered":"","protected":false},"author":2,"featured_media":4011,"parent":0,"menu_order":10,"comment_status":"closed","ping_status":"closed","template":"100-width.php","meta":{"footnotes":""},"class_list":["post-4066","page","type-page","status-publish","has-post-thumbnail","hentry"],"yoast_head":"<!-- This site is optimized with the Yoast SEO plugin v27.5 - https:\/\/yoast.com\/product\/yoast-seo-wordpress\/ -->\n<title>CARTA - Restaurante PUCHE<\/title>\n<meta name=\"robots\" content=\"index, follow, max-snippet:-1, max-image-preview:large, max-video-preview:-1\" \/>\n<link rel=\"canonical\" href=\"https:\/\/restaurantepuche.com\/ca\/carta\/\" \/>\n<meta property=\"og:locale\" content=\"ca_ES\" \/>\n<meta property=\"og:type\" content=\"article\" \/>\n<meta property=\"og:title\" content=\"CARTA - Restaurante PUCHE\" \/>\n<meta property=\"og:url\" content=\"https:\/\/restaurantepuche.com\/ca\/carta\/\" \/>\n<meta property=\"og:site_name\" content=\"Restaurante PUCHE\" \/>\n<meta property=\"article:modified_time\" content=\"2026-04-11T07:20:25+00:00\" \/>\n<meta property=\"og:image\" content=\"https:\/\/restaurantepuche.com\/wp-content\/uploads\/2025\/04\/CARTA-1.jpg\" \/>\n\t<meta property=\"og:image:width\" content=\"2000\" \/>\n\t<meta property=\"og:image:height\" content=\"1125\" \/>\n\t<meta property=\"og:image:type\" content=\"image\/jpeg\" \/>\n<meta name=\"twitter:card\" content=\"summary_large_image\" \/>\n<meta name=\"twitter:label1\" content=\"Temps estimat de lectura\" \/>\n\t<meta name=\"twitter:data1\" content=\"1 minut\" \/>\n<script type=\"application\/ld+json\" class=\"yoast-schema-graph\">{\"@context\":\"https:\\\/\\\/schema.org\",\"@graph\":[{\"@type\":\"WebPage\",\"@id\":\"https:\\\/\\\/restaurantepuche.com\\\/ca\\\/carta\\\/\",\"url\":\"https:\\\/\\\/restaurantepuche.com\\\/ca\\\/carta\\\/\",\"name\":\"CARTA - Restaurante PUCHE\",\"isPartOf\":{\"@id\":\"https:\\\/\\\/restaurantepuche.com\\\/ca\\\/#website\"},\"primaryImageOfPage\":{\"@id\":\"https:\\\/\\\/restaurantepuche.com\\\/ca\\\/carta\\\/#primaryimage\"},\"image\":{\"@id\":\"https:\\\/\\\/restaurantepuche.com\\\/ca\\\/carta\\\/#primaryimage\"},\"thumbnailUrl\":\"https:\\\/\\\/restaurantepuche.com\\\/wp-content\\\/uploads\\\/2025\\\/04\\\/CARTA-1.jpg\",\"datePublished\":\"2020-01-16T18:25:51+00:00\",\"dateModified\":\"2026-04-11T07:20:25+00:00\",\"breadcrumb\":{\"@id\":\"https:\\\/\\\/restaurantepuche.com\\\/ca\\\/carta\\\/#breadcrumb\"},\"inLanguage\":\"ca\",\"potentialAction\":[{\"@type\":\"ReadAction\",\"target\":[\"https:\\\/\\\/restaurantepuche.com\\\/ca\\\/carta\\\/\"]}]},{\"@type\":\"ImageObject\",\"inLanguage\":\"ca\",\"@id\":\"https:\\\/\\\/restaurantepuche.com\\\/ca\\\/carta\\\/#primaryimage\",\"url\":\"https:\\\/\\\/restaurantepuche.com\\\/wp-content\\\/uploads\\\/2025\\\/04\\\/CARTA-1.jpg\",\"contentUrl\":\"https:\\\/\\\/restaurantepuche.com\\\/wp-content\\\/uploads\\\/2025\\\/04\\\/CARTA-1.jpg\",\"width\":2000,\"height\":1125},{\"@type\":\"BreadcrumbList\",\"@id\":\"https:\\\/\\\/restaurantepuche.com\\\/ca\\\/carta\\\/#breadcrumb\",\"itemListElement\":[{\"@type\":\"ListItem\",\"position\":1,\"name\":\"Portada\",\"item\":\"https:\\\/\\\/restaurantepuche.com\\\/ca\\\/\"},{\"@type\":\"ListItem\",\"position\":2,\"name\":\"CARTA\"}]},{\"@type\":\"WebSite\",\"@id\":\"https:\\\/\\\/restaurantepuche.com\\\/ca\\\/#website\",\"url\":\"https:\\\/\\\/restaurantepuche.com\\\/ca\\\/\",\"name\":\"Restaurante PUCHE\",\"description\":\"\u00a1Tu restaurante en Palam\u00f3s!\",\"potentialAction\":[{\"@type\":\"SearchAction\",\"target\":{\"@type\":\"EntryPoint\",\"urlTemplate\":\"https:\\\/\\\/restaurantepuche.com\\\/ca\\\/?s={search_term_string}\"},\"query-input\":{\"@type\":\"PropertyValueSpecification\",\"valueRequired\":true,\"valueName\":\"search_term_string\"}}],\"inLanguage\":\"ca\"}]}<\/script>\n<!-- \/ Yoast SEO plugin. -->","yoast_head_json":{"title":"CARTA - Restaurante PUCHE","robots":{"index":"index","follow":"follow","max-snippet":"max-snippet:-1","max-image-preview":"max-image-preview:large","max-video-preview":"max-video-preview:-1"},"canonical":"https:\/\/restaurantepuche.com\/ca\/carta\/","og_locale":"ca_ES","og_type":"article","og_title":"CARTA - Restaurante PUCHE","og_url":"https:\/\/restaurantepuche.com\/ca\/carta\/","og_site_name":"Restaurante PUCHE","article_modified_time":"2026-04-11T07:20:25+00:00","og_image":[{"width":2000,"height":1125,"url":"https:\/\/restaurantepuche.com\/wp-content\/uploads\/2025\/04\/CARTA-1.jpg","type":"image\/jpeg"}],"twitter_card":"summary_large_image","twitter_misc":{"Temps estimat de lectura":"1 minut"},"schema":{"@context":"https:\/\/schema.org","@graph":[{"@type":"WebPage","@id":"https:\/\/restaurantepuche.com\/ca\/carta\/","url":"https:\/\/restaurantepuche.com\/ca\/carta\/","name":"CARTA - Restaurante PUCHE","isPartOf":{"@id":"https:\/\/restaurantepuche.com\/ca\/#website"},"primaryImageOfPage":{"@id":"https:\/\/restaurantepuche.com\/ca\/carta\/#primaryimage"},"image":{"@id":"https:\/\/restaurantepuche.com\/ca\/carta\/#primaryimage"},"thumbnailUrl":"https:\/\/restaurantepuche.com\/wp-content\/uploads\/2025\/04\/CARTA-1.jpg","datePublished":"2020-01-16T18:25:51+00:00","dateModified":"2026-04-11T07:20:25+00:00","breadcrumb":{"@id":"https:\/\/restaurantepuche.com\/ca\/carta\/#breadcrumb"},"inLanguage":"ca","potentialAction":[{"@type":"ReadAction","target":["https:\/\/restaurantepuche.com\/ca\/carta\/"]}]},{"@type":"ImageObject","inLanguage":"ca","@id":"https:\/\/restaurantepuche.com\/ca\/carta\/#primaryimage","url":"https:\/\/restaurantepuche.com\/wp-content\/uploads\/2025\/04\/CARTA-1.jpg","contentUrl":"https:\/\/restaurantepuche.com\/wp-content\/uploads\/2025\/04\/CARTA-1.jpg","width":2000,"height":1125},{"@type":"BreadcrumbList","@id":"https:\/\/restaurantepuche.com\/ca\/carta\/#breadcrumb","itemListElement":[{"@type":"ListItem","position":1,"name":"Portada","item":"https:\/\/restaurantepuche.com\/ca\/"},{"@type":"ListItem","position":2,"name":"CARTA"}]},{"@type":"WebSite","@id":"https:\/\/restaurantepuche.com\/ca\/#website","url":"https:\/\/restaurantepuche.com\/ca\/","name":"Restaurante PUCHE","description":"\u00a1Tu restaurante en Palam\u00f3s!","potentialAction":[{"@type":"SearchAction","target":{"@type":"EntryPoint","urlTemplate":"https:\/\/restaurantepuche.com\/ca\/?s={search_term_string}"},"query-input":{"@type":"PropertyValueSpecification","valueRequired":true,"valueName":"search_term_string"}}],"inLanguage":"ca"}]}},"_links":{"self":[{"href":"https:\/\/restaurantepuche.com\/ca\/wp-json\/wp\/v2\/pages\/4066","targetHints":{"allow":["GET"]}}],"collection":[{"href":"https:\/\/restaurantepuche.com\/ca\/wp-json\/wp\/v2\/pages"}],"about":[{"href":"https:\/\/restaurantepuche.com\/ca\/wp-json\/wp\/v2\/types\/page"}],"author":[{"embeddable":true,"href":"https:\/\/restaurantepuche.com\/ca\/wp-json\/wp\/v2\/users\/2"}],"replies":[{"embeddable":true,"href":"https:\/\/restaurantepuche.com\/ca\/wp-json\/wp\/v2\/comments?post=4066"}],"version-history":[{"count":2,"href":"https:\/\/restaurantepuche.com\/ca\/wp-json\/wp\/v2\/pages\/4066\/revisions"}],"predecessor-version":[{"id":4162,"href":"https:\/\/restaurantepuche.com\/ca\/wp-json\/wp\/v2\/pages\/4066\/revisions\/4162"}],"wp:featuredmedia":[{"embeddable":true,"href":"https:\/\/restaurantepuche.com\/ca\/wp-json\/wp\/v2\/media\/4011"}],"wp:attachment":[{"href":"https:\/\/restaurantepuche.com\/ca\/wp-json\/wp\/v2\/media?parent=4066"}],"curies":[{"name":"wp","href":"https:\/\/api.w.org\/{rel}","templated":true}]}}